{"id":117,"date":"2016-07-23T18:51:59","date_gmt":"2016-07-23T21:51:59","guid":{"rendered":"http:\/\/www.diskcap.com.br\/v1\/portal\/?page_id=117"},"modified":"2016-07-23T18:51:59","modified_gmt":"2016-07-23T21:51:59","slug":"consulte-seu-voo","status":"publish","type":"page","link":"http:\/\/www.diskcap.com.br\/v1\/portal\/consulte-seu-voo\/","title":{"rendered":"Consulte seu voo"},"content":{"rendered":"<p>[et_pb_section fullwidth=&#8221;on&#8221; specialty=&#8221;off&#8221; admin_label=&#8221;Se\u00e7\u00e3o&#8221;][et_pb_fullwidth_code admin_label=&#8221;C\u00f3digo de Largura Inteira&#8221;]<style type=\"text\/css\">\r\n       .errordiv { padding:10px; margin:10px; border: 1px solid #555555;color: #000000;background-color: #f8f8f8; width:500px; }#advanced_iframe {visibility:visible;opacity:1;vertical-align:top;}.ai-info-bottom-iframe { position: fixed; z-index: 10000; bottom:0; left: 0; margin: 0px; text-align: center; width: 100%; background-color: #ff9999; padding-left: 5px;padding-bottom: 5px; border-top: 1px solid #aaa } a.ai-bold {font-weight: bold;}#ai-layer-div-advanced_iframe p {height:100%;margin:0;padding:0}<\/style><script type=\"text\/javascript\">var ai_iframe_width_advanced_iframe = 0;var ai_iframe_height_advanced_iframe = 0;var aiIsIe8=false;var aiOnloadScrollTop=\"true\";var aiShowDebug=false;\r\n\t\tif (typeof aiReadyCallbacks === 'undefined') {\r\n\t\t\tvar aiReadyCallbacks = [];  \r\n\t\t} else if (!(aiReadyCallbacks instanceof Array)) {\r\n\t\t\tvar aiReadyCallbacks = [];\r\n\t\t}    function aiShowIframeId(id_iframe) { jQuery(\"#\"+id_iframe).css(\"visibility\", \"visible\");    }    function aiResizeIframeHeight(height) { aiResizeIframeHeight(height,advanced_iframe); }    function aiResizeIframeHeightId(height,width,id) {aiResizeIframeHeightById(id,height);}<\/script><iframe id=\"advanced_iframe\"  name=\"advanced_iframe\"  src=\"http:\/\/voos.infraero.gov.br\/voos\/index.aspx\"  width=\"100%\"  height=\"600\"  frameborder=\"0\"  allowtransparency=\"true\"  loading=\"lazy\"  style=\";width:100%;height:600px;\" ><\/iframe><script type=\"text\/javascript\">var ifrm_advanced_iframe = document.getElementById(\"advanced_iframe\");var hiddenTabsDoneadvanced_iframe = false;\r\nfunction resizeCallbackadvanced_iframe() {}<\/script><script type=\"text\/javascript\"><\/script>[\/et_pb_fullwidth_code][\/et_pb_section]<\/p>\n","protected":false},"excerpt":{"rendered":"<p>[et_pb_section fullwidth=&#8221;on&#8221; specialty=&#8221;off&#8221; admin_label=&#8221;Se\u00e7\u00e3o&#8221;][et_pb_fullwidth_code admin_label=&#8221;C\u00f3digo de Largura Inteira&#8221;][\/et_pb_fullwidth_code][\/et_pb_section]<\/p>\n","protected":false},"author":1,"featured_media":0,"parent":0,"menu_order":0,"comment_status":"closed","ping_status":"closed","template":"","meta":{"footnotes":""},"_links":{"self":[{"href":"http:\/\/www.diskcap.com.br\/v1\/portal\/wp-json\/wp\/v2\/pages\/117"}],"collection":[{"href":"http:\/\/www.diskcap.com.br\/v1\/portal\/wp-json\/wp\/v2\/pages"}],"about":[{"href":"http:\/\/www.diskcap.com.br\/v1\/portal\/wp-json\/wp\/v2\/types\/page"}],"author":[{"embeddable":true,"href":"http:\/\/www.diskcap.com.br\/v1\/portal\/wp-json\/wp\/v2\/users\/1"}],"replies":[{"embeddable":true,"href":"http:\/\/www.diskcap.com.br\/v1\/portal\/wp-json\/wp\/v2\/comments?post=117"}],"version-history":[{"count":0,"href":"http:\/\/www.diskcap.com.br\/v1\/portal\/wp-json\/wp\/v2\/pages\/117\/revisions"}],"wp:attachment":[{"href":"http:\/\/www.diskcap.com.br\/v1\/portal\/wp-json\/wp\/v2\/media?parent=117"}],"curies":[{"name":"wp","href":"https:\/\/api.w.org\/{rel}","templated":true}]}}