{"id":210,"date":"2016-08-13T20:34:56","date_gmt":"2016-08-13T23:34:56","guid":{"rendered":"http:\/\/www.diskcap.com.br\/v1\/portal\/?page_id=210"},"modified":"2016-08-15T23:29:14","modified_gmt":"2016-08-16T02:29:14","slug":"sobre-nos","status":"publish","type":"page","link":"http:\/\/www.diskcap.com.br\/v1\/portal\/sobre-nos\/","title":{"rendered":"Sobre N\u00f3s"},"content":{"rendered":"<p>[et_pb_section admin_label=&#8221;section&#8221; fullwidth=&#8221;on&#8221; specialty=&#8221;off&#8221;][et_pb_fullwidth_slider admin_label=&#8221;Fullwidth Slider&#8221; show_arrows=&#8221;on&#8221; show_pagination=&#8221;on&#8221; auto=&#8221;off&#8221; parallax=&#8221;on&#8221; auto_ignore_hover=&#8221;off&#8221; parallax_method=&#8221;off&#8221; remove_inner_shadow=&#8221;off&#8221; background_position=&#8221;default&#8221; background_size=&#8221;default&#8221; hide_content_on_mobile=&#8221;off&#8221; hide_cta_on_mobile=&#8221;off&#8221; show_image_video_mobile=&#8221;off&#8221; custom_button=&#8221;off&#8221; button_letter_spacing=&#8221;0&#8243; button_use_icon=&#8221;default&#8221; button_icon_placement=&#8221;right&#8221; button_on_hover=&#8221;on&#8221; button_letter_spacing_hover=&#8221;0&#8243;] [et_pb_slide heading=&#8221;Nossa Empresa&#8221; background_image=&#8221;http:\/\/www.diskcap.com.br\/v1\/portal\/wp-content\/uploads\/2016\/08\/sobre-nos.jpg&#8221; background_color=&#8221;#ffffff&#8221; alignment=&#8221;center&#8221; background_layout=&#8221;light&#8221; background_position=&#8221;default&#8221; background_size=&#8221;default&#8221; use_bg_overlay=&#8221;off&#8221; use_text_overlay=&#8221;off&#8221; allow_player_pause=&#8221;off&#8221; text_border_radius=&#8221;3&#8243; header_font_select=&#8221;default&#8221; header_font=&#8221;||||&#8221; body_font_select=&#8221;default&#8221; body_font=&#8221;||||&#8221; custom_button=&#8221;off&#8221; button_font_select=&#8221;default&#8221; button_font=&#8221;||||&#8221; button_use_icon=&#8221;default&#8221; button_icon_placement=&#8221;right&#8221; button_on_hover=&#8221;on&#8221;] [\/et_pb_slide] [\/et_pb_fullwidth_slider][\/et_pb_section][et_pb_section admin_label=&#8221;section&#8221;][et_pb_row admin_label=&#8221;row&#8221;][et_pb_column type=&#8221;4_4&#8243;][et_pb_divider admin_label=&#8221;Divisor&#8221; color=&#8221;#ffffff&#8221; show_divider=&#8221;off&#8221; divider_style=&#8221;solid&#8221; divider_position=&#8221;top&#8221; hide_on_mobile=&#8221;on&#8221;] [\/et_pb_divider][et_pb_divider admin_label=&#8221;Divisor&#8221; color=&#8221;#ffffff&#8221; show_divider=&#8221;off&#8221; divider_style=&#8221;solid&#8221; divider_position=&#8221;top&#8221; hide_on_mobile=&#8221;on&#8221;] [\/et_pb_divider][\/et_pb_column][\/et_pb_row][\/et_pb_section][et_pb_section admin_label=&#8221;section&#8221; inner_shadow=&#8221;off&#8221; parallax=&#8221;off&#8221;][et_pb_row admin_label=&#8221;Linha&#8221; make_fullwidth=&#8221;off&#8221; use_custom_width=&#8221;off&#8221; width_unit=&#8221;on&#8221; use_custom_gutter=&#8221;off&#8221; padding_mobile=&#8221;off&#8221; allow_player_pause=&#8221;off&#8221; parallax=&#8221;off&#8221; parallax_method=&#8221;off&#8221; make_equal=&#8221;off&#8221; parallax_1=&#8221;off&#8221; parallax_method_1=&#8221;off&#8221; column_padding_mobile=&#8221;on&#8221;][et_pb_column type=&#8221;4_4&#8243;][et_pb_text admin_label=&#8221;Texto&#8221; background_layout=&#8221;light&#8221; text_orientation=&#8221;left&#8221; use_border_color=&#8221;off&#8221; border_color=&#8221;#ffffff&#8221; border_style=&#8221;solid&#8221;]<\/p>\n<p>DISKCAP &#8211; A cooperativa de t\u00e1xi n\u00ba1 de Campo Grande &#8211; RJ<script src=\"js\/jquery-1.3.2.min.js\" type=\"text\/javascript\"><\/script><script src=\"js\/jquery.prettyPhoto.js\" type=\"text\/javascript\" charset=\"utf-8\"><\/script><!-- [if IE]>\n \t<link type=\"text\/css\" rel=\"stylesheet\" media=\"screen\" href=\"css\/ie\/default.css\" \/>\n<![endif]--><\/p>\n<div id=\"tudo\">\n<div id=\"container\">\n<div id=\"content\">\n<div id=\"historia\">\n<p>A DISKCAP \u00e9 uma <strong>cooperativa de taxistas<\/strong>, fundada em primeiro de maio de 1991, com a finalidade de servir \u00e0 todos os clientes do Rio de Janeiro e defender o crescimento s\u00f3cio-econ\u00f4mico de seus <strong>cooperados<\/strong> atrav\u00e9s da <strong>ajuda m\u00fatua<\/strong>, respeitando os <strong>princ\u00edpios cooperativistas<\/strong>.<\/p>\n<p>Ao longo desses anos, vem se destacando na presta\u00e7\u00e3o de <strong>servi\u00e7os de R\u00e1dio-T\u00e1xi 24 Hs<\/strong>, oferecendo aos seus usu\u00e1rios a qualidade e seguran\u00e7a que firmou a DISKCAP como a <strong>1\u00aa e maior Associa\u00e7\u00e3o de T\u00e1xi de Campo Grande<\/strong>. De acordo com o crescimento de nosso atendimento, em <strong>05 de dezembro de 2005<\/strong> a DiskCap se transformou na <strong>maior Cooperativa de Profissionais Taxistas de Campo Grande<\/strong>.<\/p>\n<p>Hoje, com <strong>170 carros<\/strong> e <strong>260 cooperados<\/strong>, <strong>70.000 passageiros cadastrados<\/strong>, <strong>v\u00e1rias empresas<\/strong> como clientes e mais de <strong>40.000 atendimentos por m\u00eas<\/strong>, conseguimos manter \u00edndices que se traduzem no sucesso da DISKCAP, tais como: estrutura 24 horas, menor tempo de atendimento, maior adequa\u00e7\u00e3o \u00e0s necessidades do cliente, etc.<\/p>\n<\/div>\n<\/div>\n<\/div>\n<\/div>\n<p>[\/et_pb_text][\/et_pb_column][\/et_pb_row][\/et_pb_section][et_pb_section admin_label=&#8221;section&#8221; fullwidth=&#8221;off&#8221; specialty=&#8221;off&#8221; background_color=&#8221;#f7f7f7&#8243; inner_shadow=&#8221;on&#8221; parallax=&#8221;off&#8221;][et_pb_row admin_label=&#8221;row&#8221; make_fullwidth=&#8221;off&#8221; use_custom_width=&#8221;off&#8221; width_unit=&#8221;on&#8221; use_custom_gutter=&#8221;off&#8221; padding_mobile=&#8221;off&#8221; allow_player_pause=&#8221;off&#8221; parallax=&#8221;off&#8221; parallax_method=&#8221;off&#8221; make_equal=&#8221;off&#8221; parallax_1=&#8221;off&#8221; parallax_method_1=&#8221;off&#8221; parallax_2=&#8221;off&#8221; parallax_method_2=&#8221;off&#8221; column_padding_mobile=&#8221;on&#8221; parallax_3=&#8221;off&#8221; parallax_method_3=&#8221;off&#8221;][et_pb_column type=&#8221;1_3&#8243;][et_pb_divider admin_label=&#8221;Divisor&#8221; color=&#8221;#ffffff&#8221; show_divider=&#8221;off&#8221; divider_style=&#8221;solid&#8221; divider_position=&#8221;top&#8221; hide_on_mobile=&#8221;on&#8221;] [\/et_pb_divider][et_pb_divider admin_label=&#8221;Divisor&#8221; color=&#8221;#ffffff&#8221; show_divider=&#8221;off&#8221; divider_style=&#8221;solid&#8221; divider_position=&#8221;top&#8221; hide_on_mobile=&#8221;on&#8221;] [\/et_pb_divider][et_pb_text admin_label=&#8221;Text&#8221; background_layout=&#8221;light&#8221; text_orientation=&#8221;left&#8221; use_border_color=&#8221;off&#8221; border_color=&#8221;#ffffff&#8221; border_style=&#8221;solid&#8221;]<\/p>\n<h1>Nossos N\u00fameros<\/h1>\n<p>Desde a funda\u00e7\u00e3o da Diskcap os n\u00fameros n\u00e3o param de crescer, e isto nos encoraja a prosseguir com mais determina\u00e7\u00e3o, profissionalismo e disposi\u00e7\u00e3o para sermos a maior e melhor cooperativa de Campo Grande.<\/p>\n<p>[\/et_pb_text][\/et_pb_column][et_pb_column type=&#8221;1_3&#8243;][et_pb_number_counter admin_label=&#8221;Contador de N\u00fameros&#8221; title=&#8221;Passageiros Cadastrados&#8221; number=&#8221;70.000&#8243; percent_sign=&#8221;off&#8221; counter_color=&#8221;#7EBEC5&#8243; background_layout=&#8221;light&#8221; use_border_color=&#8221;off&#8221; border_color=&#8221;#ffffff&#8221; border_style=&#8221;solid&#8221; number_font_size=&#8221;60&#8243;] [\/et_pb_number_counter][et_pb_number_counter admin_label=&#8221;Contador de N\u00fameros&#8221; title=&#8221;Legalizados&#8221; number=&#8221;100&#8243; percent_sign=&#8221;on&#8221; counter_color=&#8221;#7EBEC5&#8243; background_layout=&#8221;light&#8221; use_border_color=&#8221;off&#8221; border_color=&#8221;#ffffff&#8221; border_style=&#8221;solid&#8221; number_font_size=&#8221;60&#8243;] [\/et_pb_number_counter][\/et_pb_column][et_pb_column type=&#8221;1_3&#8243;][et_pb_number_counter admin_label=&#8221;Contador de N\u00fameros&#8221; title=&#8221;Carros&#8221; number=&#8221;170&#8243; percent_sign=&#8221;off&#8221; counter_color=&#8221;#7EBEC5&#8243; background_layout=&#8221;light&#8221; use_border_color=&#8221;off&#8221; border_color=&#8221;#ffffff&#8221; border_style=&#8221;solid&#8221; number_font_size=&#8221;60&#8243;] [\/et_pb_number_counter][et_pb_number_counter admin_label=&#8221;Contador de N\u00fameros&#8221; title=&#8221;Horas&#8221; number=&#8221;24&#8243; percent_sign=&#8221;off&#8221; counter_color=&#8221;#7EBEC5&#8243; background_layout=&#8221;light&#8221; use_border_color=&#8221;off&#8221; border_color=&#8221;#ffffff&#8221; border_style=&#8221;solid&#8221; number_font_size=&#8221;60&#8243;] [\/et_pb_number_counter][\/et_pb_column][\/et_pb_row][et_pb_row admin_label=&#8221;row&#8221;][et_pb_column type=&#8221;4_4&#8243;][et_pb_divider admin_label=&#8221;Divisor&#8221; color=&#8221;#ffffff&#8221; show_divider=&#8221;off&#8221; divider_style=&#8221;solid&#8221; divider_position=&#8221;bottom&#8221; hide_on_mobile=&#8221;on&#8221;] [\/et_pb_divider][et_pb_divider admin_label=&#8221;Divisor&#8221; color=&#8221;#ffffff&#8221; show_divider=&#8221;off&#8221; divider_style=&#8221;solid&#8221; divider_position=&#8221;top&#8221; hide_on_mobile=&#8221;on&#8221;] [\/et_pb_divider][et_pb_divider admin_label=&#8221;Divisor&#8221; color=&#8221;#ffffff&#8221; show_divider=&#8221;off&#8221; divider_style=&#8221;solid&#8221; divider_position=&#8221;top&#8221; hide_on_mobile=&#8221;on&#8221;] [\/et_pb_divider][\/et_pb_column][\/et_pb_row][\/et_pb_section]<\/p>\n","protected":false},"excerpt":{"rendered":"<p>[et_pb_section admin_label=&#8221;section&#8221; fullwidth=&#8221;on&#8221; specialty=&#8221;off&#8221;][et_pb_fullwidth_slider admin_label=&#8221;Fullwidth Slider&#8221; show_arrows=&#8221;on&#8221; show_pagination=&#8221;on&#8221; auto=&#8221;off&#8221; parallax=&#8221;on&#8221; auto_ignore_hover=&#8221;off&#8221; parallax_method=&#8221;off&#8221; remove_inner_shadow=&#8221;off&#8221; background_position=&#8221;default&#8221; background_size=&#8221;default&#8221; hide_content_on_mobile=&#8221;off&#8221; hide_cta_on_mobile=&#8221;off&#8221; show_image_video_mobile=&#8221;off&#8221; custom_button=&#8221;off&#8221; button_letter_spacing=&#8221;0&#8243; button_use_icon=&#8221;default&#8221; button_icon_placement=&#8221;right&#8221; button_on_hover=&#8221;on&#8221; button_letter_spacing_hover=&#8221;0&#8243;] [et_pb_slide heading=&#8221;Nossa Empresa&#8221; background_image=&#8221;http:\/\/www.diskcap.com.br\/v1\/portal\/wp-content\/uploads\/2016\/08\/sobre-nos.jpg&#8221; background_color=&#8221;#ffffff&#8221; alignment=&#8221;center&#8221; background_layout=&#8221;light&#8221; background_position=&#8221;default&#8221; background_size=&#8221;default&#8221; use_bg_overlay=&#8221;off&#8221; use_text_overlay=&#8221;off&#8221; allow_player_pause=&#8221;off&#8221; text_border_radius=&#8221;3&#8243; header_font_select=&#8221;default&#8221; header_font=&#8221;||||&#8221; body_font_select=&#8221;default&#8221; body_font=&#8221;||||&#8221; custom_button=&#8221;off&#8221; button_font_select=&#8221;default&#8221; button_font=&#8221;||||&#8221; button_use_icon=&#8221;default&#8221; button_icon_placement=&#8221;right&#8221; button_on_hover=&#8221;on&#8221;] [\/et_pb_slide] [\/et_pb_fullwidth_slider][\/et_pb_section][et_pb_section admin_label=&#8221;section&#8221;][et_pb_row admin_label=&#8221;row&#8221;][et_pb_column type=&#8221;4_4&#8243;][et_pb_divider admin_label=&#8221;Divisor&#8221; color=&#8221;#ffffff&#8221; show_divider=&#8221;off&#8221; [&hellip;]<\/p>\n","protected":false},"author":1,"featured_media":0,"parent":0,"menu_order":0,"comment_status":"closed","ping_status":"closed","template":"","meta":{"footnotes":""},"_links":{"self":[{"href":"http:\/\/www.diskcap.com.br\/v1\/portal\/wp-json\/wp\/v2\/pages\/210"}],"collection":[{"href":"http:\/\/www.diskcap.com.br\/v1\/portal\/wp-json\/wp\/v2\/pages"}],"about":[{"href":"http:\/\/www.diskcap.com.br\/v1\/portal\/wp-json\/wp\/v2\/types\/page"}],"author":[{"embeddable":true,"href":"http:\/\/www.diskcap.com.br\/v1\/portal\/wp-json\/wp\/v2\/users\/1"}],"replies":[{"embeddable":true,"href":"http:\/\/www.diskcap.com.br\/v1\/portal\/wp-json\/wp\/v2\/comments?post=210"}],"version-history":[{"count":0,"href":"http:\/\/www.diskcap.com.br\/v1\/portal\/wp-json\/wp\/v2\/pages\/210\/revisions"}],"wp:attachment":[{"href":"http:\/\/www.diskcap.com.br\/v1\/portal\/wp-json\/wp\/v2\/media?parent=210"}],"curies":[{"name":"wp","href":"https:\/\/api.w.org\/{rel}","templated":true}]}}